{"id":1533,"date":"2026-05-10T03:04:51","date_gmt":"2026-05-10T03:04:51","guid":{"rendered":"https:\/\/myhomepick.shop\/?post_type=product&#038;p=1533"},"modified":"2026-05-10T05:41:40","modified_gmt":"2026-05-10T05:41:40","slug":"chusteczki-wilgotne-bez-alkoholu-opakowanie-24x72-lacznie-1728-sztuk-bardzo-miekkie","status":"publish","type":"product","link":"https:\/\/myhomepick.shop\/pl\/produkt\/chusteczki-wilgotne-bez-alkoholu-opakowanie-24x72-lacznie-1728-sztuk-bardzo-miekkie\/","title":{"rendered":"Chusteczki wilgotne BEZ ALKOHOLU, opakowanie 24&#215;72, \u0142\u0105cznie 1728 sztuk, bardzo mi\u0119kkie"},"content":{"rendered":"<div data-elementor-type=\"product-post\" data-elementor-id=\"1533\" class=\"elementor elementor-1533\" data-elementor-post-type=\"product\">\n\t\t\t\t<div class=\"elementor-element elementor-element-bb7133e e-flex e-con-boxed e-con e-parent\" data-id=\"bb7133e\" data-element_type=\"container\" data-e-type=\"container\" data-settings=\"{&quot;ekit_has_onepagescroll_dot&quot;:&quot;yes&quot;}\">\n\t\t\t\t\t<div class=\"e-con-inner\">\n\t\t\t\t<div class=\"elementor-element elementor-element-bd76d1f elementor-widget elementor-widget-html\" data-id=\"bd76d1f\" data-element_type=\"widget\" data-e-type=\"widget\" data-settings=\"{&quot;ekit_we_effect_on&quot;:&quot;none&quot;}\" data-widget_type=\"html.default\">\n\t\t\t\t\t<!DOCTYPE html>\r\n<html lang=\"pl\">\r\n<head>\r\n    <meta charset=\"UTF-8\">\r\n    <meta name=\"viewport\" content=\"width=device-width, initial-scale=1.0\">\r\n    <title>Acqua Inodore - Premium Baby Wipes<\/title>\r\n    <style>\r\n        \/* \u6837\u5f0f\u4f5c\u7528\u57df\u9501\u5b9a\uff1a#lp-wipes-ultimate *\/\r\n        #lp-wipes-ultimate {\r\n            font-family: 'Segoe UI', Arial, sans-serif;\r\n            color: #333;\r\n            line-height: 1.6;\r\n            max-width: 1000px;\r\n            margin: 0 auto;\r\n            background-color: #fff;\r\n        }\r\n\r\n        #lp-wipes-ultimate * {\r\n            box-sizing: border-box;\r\n            margin: 0;\r\n            padding: 0;\r\n        }\r\n\r\n        \/* 1. Hero \u533a\u57df *\/\r\n        #lp-wipes-ultimate .hero {\r\n            display: flex;\r\n            flex-wrap: wrap;\r\n            align-items: center;\r\n            padding: 40px 20px;\r\n            background: linear-gradient(to bottom, #e3f2fd 0%, #fff 100%);\r\n        }\r\n\r\n        #lp-wipes-ultimate .hero-img {\r\n            flex: 1 1 400px;\r\n            text-align: center;\r\n        }\r\n\r\n        #lp-wipes-ultimate .hero-img img {\r\n            max-width: 100%;\r\n            height: auto;\r\n        }\r\n\r\n        #lp-wipes-ultimate .hero-txt {\r\n            flex: 1 1 400px;\r\n            padding: 20px;\r\n        }\r\n\r\n        #lp-wipes-ultimate h1 {\r\n            color: #0277bd;\r\n            font-size: 30px;\r\n            margin-bottom: 15px;\r\n        }\r\n\r\n        \/* 2. \u6750\u8d28\u5bf9\u6bd4\u533a *\/\r\n        #lp-wipes-ultimate .texture-section {\r\n            padding: 50px 20px;\r\n            background-color: #f9f9f9;\r\n        }\r\n\r\n        #lp-wipes-ultimate .texture-container {\r\n            display: flex;\r\n            flex-wrap: wrap;\r\n            gap: 30px;\r\n            align-items: center;\r\n            justify-content: center;\r\n        }\r\n\r\n        #lp-wipes-ultimate .texture-img {\r\n            flex: 1 1 450px;\r\n        }\r\n\r\n        #lp-wipes-ultimate .texture-img img {\r\n            width: 100%;\r\n            border-radius: 10px;\r\n            box-shadow: 0 4px 15px rgba(0,0,0,0.05);\r\n        }\r\n\r\n        \/* 3. \u4f7f\u7528\u573a\u666f *\/\r\n        #lp-wipes-ultimate .usage-grid {\r\n            display: grid;\r\n            grid-template-columns: repeat(auto-fit, minmax(280px, 1fr));\r\n            gap: 20px;\r\n            padding: 60px 20px;\r\n            background-color: #fff;\r\n        }\r\n\r\n        #lp-wipes-ultimate .usage-card {\r\n            border-radius: 15px;\r\n            overflow: hidden;\r\n            box-shadow: 0 4px 15px rgba(0,0,0,0.05);\r\n            text-align: center;\r\n        }\r\n\r\n        #lp-wipes-ultimate .usage-card img {\r\n            width: 100%;\r\n            height: 350px;\r\n            object-fit: cover;\r\n        }\r\n\r\n        #lp-wipes-ultimate .usage-card p {\r\n            padding: 15px;\r\n            font-weight: bold;\r\n            color: #0277bd;\r\n        }\r\n\r\n        \/* 4. \u6838\u5fc3\u4f18\u52bf\u56fe\u6807\u533a (\u79fb\u52a8\u5230\u6b64\u5904) *\/\r\n        #lp-wipes-ultimate .core-features {\r\n            display: grid;\r\n            grid-template-columns: repeat(auto-fit, minmax(220px, 1fr));\r\n            gap: 20px;\r\n            padding: 60px 20px;\r\n            background-color: #f8fbff;\r\n        }\r\n\r\n        #lp-wipes-ultimate .feature-item {\r\n            padding: 25px;\r\n            text-align: center;\r\n            border-radius: 15px;\r\n            background-color: #fff;\r\n            box-shadow: 0 4px 10px rgba(0,0,0,0.02);\r\n            transition: transform 0.3s;\r\n        }\r\n\r\n        #lp-wipes-ultimate .feature-item:hover {\r\n            transform: translateY(-5px);\r\n        }\r\n\r\n        #lp-wipes-ultimate .feature-item h3 {\r\n            color: #01579b;\r\n            margin-bottom: 10px;\r\n            font-size: 1.25em;\r\n        }\r\n\r\n        #lp-wipes-ultimate .feature-item p {\r\n            font-size: 0.95em;\r\n            color: #555;\r\n        }\r\n\r\n        \/* 5. \u4e3a\u4ec0\u4e48\u9009\u62e9\u6211\u4eec\u6a21\u5757 *\/\r\n        #lp-wipes-ultimate .why-us {\r\n            padding: 60px 20px;\r\n            background-color: #fff;\r\n        }\r\n\r\n        #lp-wipes-ultimate .why-us h2 {\r\n            text-align: center;\r\n            color: #0277bd;\r\n            margin-bottom: 40px;\r\n            font-size: 26px;\r\n        }\r\n\r\n        #lp-wipes-ultimate .why-grid {\r\n            max-width: 800px;\r\n            margin: 0 auto;\r\n        }\r\n\r\n        #lp-wipes-ultimate .why-card {\r\n            display: flex;\r\n            align-items: flex-start;\r\n            gap: 15px;\r\n            margin-bottom: 25px;\r\n            padding: 20px;\r\n            border-left: 5px solid #2ecc71;\r\n            background-color: #fcfcfc;\r\n            box-shadow: 2px 2px 10px rgba(0,0,0,0.03);\r\n            border-radius: 0 10px 10px 0;\r\n        }\r\n\r\n        #lp-wipes-ultimate .why-card span {\r\n            font-size: 28px;\r\n        }\r\n\r\n        #lp-wipes-ultimate .why-card h4 {\r\n            color: #333;\r\n            margin-bottom: 5px;\r\n            font-size: 1.1em;\r\n        }\r\n\r\n        \/* 6. \u5e95\u90e8\u884c\u52a8\u6761 *\/\r\n        #lp-wipes-ultimate .footer-cta {\r\n            background-color: #01579b;\r\n            color: white;\r\n            text-align: center;\r\n            padding: 60px 20px;\r\n        }\r\n\r\n        #lp-wipes-ultimate .cta-btn {\r\n            display: inline-block;\r\n            background-color: #2ecc71;\r\n            color: white;\r\n            padding: 16px 45px;\r\n            text-decoration: none;\r\n            border-radius: 35px;\r\n            font-weight: bold;\r\n            font-size: 1.2em;\r\n            margin-top: 25px;\r\n            transition: all 0.3s ease;\r\n        }\r\n\r\n        #lp-wipes-ultimate .cta-btn:hover {\r\n            background-color: #27ae60;\r\n        }\r\n\r\n        @media (max-width: 600px) {\r\n            #lp-wipes-ultimate h1 { font-size: 24px; }\r\n            #lp-wipes-ultimate .why-card { flex-direction: column; text-align: center; align-items: center; }\r\n        }\r\n    <\/style>\r\n<\/head>\r\n<body>\r\n\r\n<div id=\"lp-wipes-ultimate\">\r\n    <!-- 1. Hero \u533a\u57df -->\r\n    <section class=\"hero\">\r\n        <div class=\"hero-img\">\r\n            <img decoding=\"async\" src=\"https:\/\/sc01.alicdn.com\/kf\/A3a000aae7d4f4b69abaaada01e5cc5a4E.jpg\" alt=\"Acqua Inodore Pack\">\r\n        <\/div>\r\n        <div class=\"hero-txt\">\r\n            <h1>Acqua Inodore: Najczystszy Wyb\u00f3r<\/h1>\r\n            <p>Profesjonalne chusteczki nawil\u017cane stworzone z my\u015bl\u0105 o najbardziej wra\u017cliwej sk\u00f3rze niemowl\u0105t.<\/p>\r\n            <div style=\"margin-top: 15px; font-weight: bold; color: #0277bd;\">\r\n                <p>Zestaw Mega Value: 24 x 72 sztuki<\/p>\r\n                <p>\u0141\u0105cznie 1728 chusteczek!<\/p>\r\n            <\/div>\r\n            <a href=\"#order\" class=\"cta-btn\">Zam\u00f3w Teraz<\/a>\r\n        <\/div>\r\n    <\/section>\r\n\r\n    <!-- 2. A\/B \u6750\u8d28\u5bf9\u6bd4\u5c55\u793a -->\r\n    <section class=\"texture-section\">\r\n        <div class=\"texture-container\">\r\n            <div class=\"texture-img\">\r\n                <img decoding=\"async\" src=\"https:\/\/sc01.alicdn.com\/kf\/Aa7668ec02d3c43599bf0ad6ba9f585cf7.jpg\" alt=\"A\/B Texture\">\r\n            <\/div>\r\n            <div style=\"flex: 1 1 300px; text-align: left;\">\r\n                <h2 style=\"color: #01579b; margin-bottom: 20px;\">Innowacja w dotyku<\/h2>\r\n                <p><strong>A. Splot Prosty:<\/strong> Idealnie g\u0142adki dla stref wra\u017cliwych.<\/p>\r\n                <p style=\"margin-top: 15px;\"><strong>B. Wz\u00f3r Per\u0142owy:<\/strong> Tekstura 3D do skutecznego usuwania zabrudze\u0144.<\/p>\r\n                <p style=\"margin-top: 15px; font-size: 0.9em; color: #777;\">Zaawansowana technologia Spunlace zapewnia wytrzyma\u0142o\u015b\u0107 i mi\u0119kko\u015b\u0107.<\/p>\r\n            <\/div>\r\n        <\/div>\r\n    <\/section>\r\n\r\n    <!-- 3. \u4f7f\u7528\u573a\u666f\u5c55\u793a -->\r\n    <section class=\"usage-grid\">\r\n        <div class=\"usage-card\">\r\n            <img decoding=\"async\" src=\"https:\/\/sc01.alicdn.com\/kf\/A0cd97bcc387f4288801797926d4608dfi.jpg\" alt=\"Hands\">\r\n            <p>Czyste r\u0105czki w ka\u017cdych warunkach<\/p>\r\n        <\/div>\r\n        <div class=\"usage-card\">\r\n            <img decoding=\"async\" src=\"https:\/\/sc01.alicdn.com\/kf\/A9b649e546e69498ab23bfd0d823ef2e28.png\" alt=\"Body\">\r\n            <p>Delikatna piel\u0119gnacja ca\u0142ego cia\u0142a<\/p>\r\n        <\/div>\r\n    <\/section>\r\n\r\n    <!-- 4. \u56db\u5927\u6838\u5fc3\u4f18\u52bf\u56fe\u6807\u7f51\u683c (\u79fb\u52a8\u5230\u201c\u4e3a\u4ec0\u4e48\u9009\u62e9\u6211\u4eec\u201d\u4e0a\u65b9) -->\r\n    <section class=\"core-features\">\r\n        <div class=\"feature-item\">\r\n            <span style=\"font-size: 40px; display: block; margin-bottom: 10px;\">\ud83d\udeab<\/span>\r\n            <h3>0% Alkoholu<\/h3>\r\n            <p>Bezpieczne dla delikatnej sk\u00f3ry noworodk\u00f3w, nie powoduj\u0105 podra\u017cnie\u0144.<\/p>\r\n        <\/div>\r\n        <div class=\"feature-item\">\r\n            <span style=\"font-size: 40px; display: block; margin-bottom: 10px;\">\ud83d\udc76<\/span>\r\n            <h3>R\u0119ce i Buzia<\/h3>\r\n            <p>Specjalna formu\u0142a bezpieczna do stosowania w okolicach ust i d\u0142oni.<\/p>\r\n        <\/div>\r\n        <div class=\"feature-item\">\r\n            <span style=\"font-size: 40px; display: block; margin-bottom: 10px;\">\u2601\ufe0f<\/span>\r\n            <h3>Ultra Mi\u0119kkie<\/h3>\r\n            <p>Tkanina o strukturze plastra miodu, kt\u00f3ra skutecznie i delikatnie czy\u015bci.<\/p>\r\n        <\/div>\r\n        <div class=\"feature-item\">\r\n            <span style=\"font-size: 40px; display: block; margin-bottom: 10px;\">\ud83d\udca7<\/span>\r\n            <h3>Neutralne pH<\/h3>\r\n            <p>Wspiera naturaln\u0105 barier\u0119 ochronn\u0105 sk\u00f3ry Twojego dziecka.<\/p>\r\n        <\/div>\r\n    <\/section>\r\n\r\n    <!-- 5. \u4e3a\u4ec0\u4e48\u9009\u62e9\u6211\u4eec\u6a21\u5757 -->\r\n    <section class=\"why-us\">\r\n        <h2>Dlaczego mamy wybieraj\u0105 Acqua Inodore?<\/h2>\r\n        <div class=\"why-grid\">\r\n            <div class=\"why-card\">\r\n                <span>\ud83d\udee1\ufe0f<\/span>\r\n                <div>\r\n                    <h4>Bezzapachowe (Inodore)<\/h4>\r\n                    <p>Brak sztucznych aromat\u00f3w minimalizuje ryzyko wyst\u0105pienia alergii i podra\u017cnie\u0144.<\/p>\r\n                <\/div>\r\n            <\/div>\r\n            <div class=\"why-card\">\r\n                <span>\ud83d\udd12<\/span>\r\n                <div>\r\n                    <h4>Wygodne zamkni\u0119cie<\/h4>\r\n                    <p>Sztywne wieczko zapobiega wysychaniu chusteczek do ostatniej sztuki w opakowaniu.<\/p>\r\n                <\/div>\r\n            <\/div>\r\n            <div class=\"why-card\">\r\n                <span>\ud83d\udd2c<\/span>\r\n                <div>\r\n                    <h4>Testowane dermatologicznie<\/h4>\r\n                    <p>Pe\u0142ne bezpiecze\u0144stwo dla sk\u00f3ry Twojego dziecka potwierdzone specjalistycznymi badaniami.<\/p>\r\n                <\/div>\r\n            <\/div>\r\n            <div class=\"why-card\">\r\n                <span>\ud83d\udcb0<\/span>\r\n                <div>\r\n                    <h4>Ekonomiczne rozwi\u0105zanie<\/h4>\r\n                    <p>Du\u017cy zapas starczy na d\u0142ugo dla ca\u0142ej rodziny, zapewniaj\u0105c najlepsz\u0105 cen\u0119 i komfort.<\/p>\r\n                <\/div>\r\n            <\/div>\r\n        <\/div>\r\n    <\/section>\r\n\r\n    <!-- 6. \u5e95\u90e8\u884c\u52a8\u533a -->\r\n    <footer class=\"footer-cta\" id=\"order\">\r\n        <h2>Zadbaj o komfort swojego dziecka ju\u017c dzi\u015b<\/h2>\r\n        <p>Najwy\u017csza jako\u015b\u0107 w ekonomicznym zestawie 24 opakowa\u0144.<\/p>\r\n        <a href=\"#\" class=\"cta-btn\" style=\"background-color: #fff; color: #01579b;\">KUP TERAZ<\/a>\r\n    <\/footer>\r\n<\/div>\r\n\r\n<\/body>\r\n<\/html>\t\t\t\t<\/div>\n\t\t\t\t\t<\/div>\n\t\t\t\t<\/div>\n\t\t\t\t<\/div>","protected":false},"excerpt":{"rendered":"<p>Acqua Inodore &#8211; Premium Baby Wipes Acqua Inodore: Najczystszy Wyb\u00f3r Profesjonalne chusteczki nawil\u017cane stworzone z my\u015bl\u0105 o najbardziej wra\u017cliwej sk\u00f3rze niemowl\u0105t. Zestaw Mega Value: 24 x 72 sztuki \u0141\u0105cznie 1728 chusteczek! Zam\u00f3w Teraz Innowacja w dotyku A. Splot Prosty: Idealnie g\u0142adki dla stref wra\u017cliwych. B. Wz\u00f3r Per\u0142owy: Tekstura 3D do skutecznego usuwania zabrudze\u0144. Zaawansowana technologia [&hellip;]<\/p>\n","protected":false},"featured_media":1534,"comment_status":"open","ping_status":"closed","template":"","meta":{"_acf_changed":false},"product_brand":[],"product_cat":[53],"product_tag":[],"class_list":{"0":"post-1533","1":"product","2":"type-product","3":"status-publish","4":"has-post-thumbnail","6":"product_cat-new-in","8":"first","9":"instock","10":"sale","11":"shipping-taxable","12":"purchasable","13":"product-type-simple"},"acf":[],"_links":{"self":[{"href":"https:\/\/myhomepick.shop\/pl\/wp-json\/wp\/v2\/product\/1533","targetHints":{"allow":["GET"]}}],"collection":[{"href":"https:\/\/myhomepick.shop\/pl\/wp-json\/wp\/v2\/product"}],"about":[{"href":"https:\/\/myhomepick.shop\/pl\/wp-json\/wp\/v2\/types\/product"}],"replies":[{"embeddable":true,"href":"https:\/\/myhomepick.shop\/pl\/wp-json\/wp\/v2\/comments?post=1533"}],"version-history":[{"count":4,"href":"https:\/\/myhomepick.shop\/pl\/wp-json\/wp\/v2\/product\/1533\/revisions"}],"predecessor-version":[{"id":1556,"href":"https:\/\/myhomepick.shop\/pl\/wp-json\/wp\/v2\/product\/1533\/revisions\/1556"}],"wp:featuredmedia":[{"embeddable":true,"href":"https:\/\/myhomepick.shop\/pl\/wp-json\/wp\/v2\/media\/1534"}],"wp:attachment":[{"href":"https:\/\/myhomepick.shop\/pl\/wp-json\/wp\/v2\/media?parent=1533"}],"wp:term":[{"taxonomy":"product_brand","embeddable":true,"href":"https:\/\/myhomepick.shop\/pl\/wp-json\/wp\/v2\/product_brand?post=1533"},{"taxonomy":"product_cat","embeddable":true,"href":"https:\/\/myhomepick.shop\/pl\/wp-json\/wp\/v2\/product_cat?post=1533"},{"taxonomy":"product_tag","embeddable":true,"href":"https:\/\/myhomepick.shop\/pl\/wp-json\/wp\/v2\/product_tag?post=1533"}],"curies":[{"name":"wp","href":"https:\/\/api.w.org\/{rel}","templated":true}]}}